{"id":886,"date":"2025-06-02T11:38:01","date_gmt":"2025-06-02T15:38:01","guid":{"rendered":"https:\/\/www.tierragres.cl\/?post_type=product&#038;p=886"},"modified":"2025-08-14T10:46:15","modified_gmt":"2025-08-14T14:46:15","slug":"mascara-pacha","status":"publish","type":"product","link":"https:\/\/www.tierragres.cl\/en\/product\/mascara-pacha\/","title":{"rendered":"Mascara Pacha"},"content":{"rendered":"","protected":false},"excerpt":{"rendered":"<p>Mascara modelada a mano en cer\u00e1mica gres hecha con arcilla de San Pedro de Atacama, tierra ancestral para esta zona.<\/p>\n<p>Cuando uso mi cer\u00e1mica gres hecha con tierra ancestral, busco figuras \u00fanicas, que no sean solo un recuerdo si no que logren transmitir mas, el sentirse a gusto en la naturaleza, rodeada por ella y lograr esa paz con la vida, es lo que me inspiro a modelar a Pacha, la pachamama o madre tierra.<\/p>\n<p>Su figura genera paz y esta decorada con el \u00e1rbol del Cha\u00f1ar de tronco verde amarillento y fruto caf\u00e9, que fue pintado con arcilla de San Pedro.<\/p>\n<p>Esta pieza es la mezcla perfecta entre lo natural y ancestral con la belleza de lo contempor\u00e1neo.<\/p>\n<p>Pieza UNICA<\/p>\n<p>puede colgarse en la pared<\/p>","protected":false},"featured_media":885,"template":"","meta":{"_et_pb_use_builder":"","_et_pb_old_content":"","_et_gb_content_width":""},"product_brand":[],"product_cat":[26],"product_tag":[],"class_list":{"0":"post-886","1":"product","2":"type-product","3":"status-publish","4":"has-post-thumbnail","6":"product_cat-disponibles","8":"first","9":"instock","10":"taxable","11":"shipping-taxable","12":"purchasable","13":"product-type-simple"},"_links":{"self":[{"href":"https:\/\/www.tierragres.cl\/en\/wp-json\/wp\/v2\/product\/886","targetHints":{"allow":["GET"]}}],"collection":[{"href":"https:\/\/www.tierragres.cl\/en\/wp-json\/wp\/v2\/product"}],"about":[{"href":"https:\/\/www.tierragres.cl\/en\/wp-json\/wp\/v2\/types\/product"}],"wp:featuredmedia":[{"embeddable":true,"href":"https:\/\/www.tierragres.cl\/en\/wp-json\/wp\/v2\/media\/885"}],"wp:attachment":[{"href":"https:\/\/www.tierragres.cl\/en\/wp-json\/wp\/v2\/media?parent=886"}],"wp:term":[{"taxonomy":"product_brand","embeddable":true,"href":"https:\/\/www.tierragres.cl\/en\/wp-json\/wp\/v2\/product_brand?post=886"},{"taxonomy":"product_cat","embeddable":true,"href":"https:\/\/www.tierragres.cl\/en\/wp-json\/wp\/v2\/product_cat?post=886"},{"taxonomy":"product_tag","embeddable":true,"href":"https:\/\/www.tierragres.cl\/en\/wp-json\/wp\/v2\/product_tag?post=886"}],"curies":[{"name":"wp","href":"https:\/\/api.w.org\/{rel}","templated":true}]}}