{"id":804,"date":"2025-05-01T16:36:49","date_gmt":"2025-05-01T20:36:49","guid":{"rendered":"https:\/\/www.tierragres.cl\/?post_type=product&#038;p=804"},"modified":"2025-08-14T11:12:02","modified_gmt":"2025-08-14T15:12:02","slug":"cactus-floreciendo","status":"publish","type":"product","link":"https:\/\/www.tierragres.cl\/en\/product\/cactus-floreciendo\/","title":{"rendered":"Cactus Floreciendo"},"content":{"rendered":"","protected":false},"excerpt":{"rendered":"<p>Escultura modelada a mano.<\/p>\n<p>Card\u00f3n, cactus milenario que se puede encontrar en el desierto, hacer el cactus era una cosa pero lo que quise trasmitir en esta pieza es el tiempo y la energ\u00eda que rodea a ese ser vivo que lleva miles de a\u00f1os parado aqu\u00ed en el desierto. Con una forma parecida a una serpiente este esta envuelto en esa energ\u00eda que lo protege para seguir habitando.<\/p>\n<p>El card\u00f3n florece solo por pocos d\u00edas, y su flor es un regalo para aquellos que la ven, esta escultura fue hecha en 3 diferentes tipos de arcilla, tostada, oscura y blanca y pintada en su base con tierra de San Pedro de Atacama.<\/p>\n<p>Esmaltada y pintada con oro.<\/p>\n<p>medidas: 19 cm de alto, 20 cm de largo<\/p>\n<p>&nbsp;<\/p>","protected":false},"featured_media":833,"template":"","meta":{"_et_pb_use_builder":"","_et_pb_old_content":"","_et_gb_content_width":""},"product_brand":[],"product_cat":[26],"product_tag":[],"class_list":{"0":"post-804","1":"product","2":"type-product","3":"status-publish","4":"has-post-thumbnail","6":"product_cat-disponibles","8":"first","9":"instock","10":"taxable","11":"shipping-taxable","12":"purchasable","13":"product-type-simple"},"_links":{"self":[{"href":"https:\/\/www.tierragres.cl\/en\/wp-json\/wp\/v2\/product\/804","targetHints":{"allow":["GET"]}}],"collection":[{"href":"https:\/\/www.tierragres.cl\/en\/wp-json\/wp\/v2\/product"}],"about":[{"href":"https:\/\/www.tierragres.cl\/en\/wp-json\/wp\/v2\/types\/product"}],"wp:featuredmedia":[{"embeddable":true,"href":"https:\/\/www.tierragres.cl\/en\/wp-json\/wp\/v2\/media\/833"}],"wp:attachment":[{"href":"https:\/\/www.tierragres.cl\/en\/wp-json\/wp\/v2\/media?parent=804"}],"wp:term":[{"taxonomy":"product_brand","embeddable":true,"href":"https:\/\/www.tierragres.cl\/en\/wp-json\/wp\/v2\/product_brand?post=804"},{"taxonomy":"product_cat","embeddable":true,"href":"https:\/\/www.tierragres.cl\/en\/wp-json\/wp\/v2\/product_cat?post=804"},{"taxonomy":"product_tag","embeddable":true,"href":"https:\/\/www.tierragres.cl\/en\/wp-json\/wp\/v2\/product_tag?post=804"}],"curies":[{"name":"wp","href":"https:\/\/api.w.org\/{rel}","templated":true}]}}