{"id":670,"date":"2024-10-12T20:35:40","date_gmt":"2024-10-12T23:35:40","guid":{"rendered":"https:\/\/www.tierragres.cl\/?post_type=product&#038;p=670"},"modified":"2025-10-21T23:44:54","modified_gmt":"2025-10-22T02:44:54","slug":"taza-media-noche-estrellada","status":"publish","type":"product","link":"https:\/\/www.tierragres.cl\/en\/product\/taza-media-noche-estrellada\/","title":{"rendered":"Taza Media Noche Estrellada"},"content":{"rendered":"","protected":false},"excerpt":{"rendered":"<p>Taza Media Noche Estrellada<\/p>\n<p>Taz\u00f3n modelado a mano en cer\u00e1mica gres.<\/p>\n<p>Representando el cielo de San Pedro de Atacama uno de los cielos m\u00e1s despejados del planeta, perfilado por los volcanes Licancabur y Juriques y al reverso el Volc\u00e1n Lascar, las estrellas son pintadas con lustre de oro, oro al 8% que no perder\u00e1 brillo ni belleza en el tiempo mientras disfrutas de tu cafe favorito.<\/p>\n<p>Tazas de capacidad 95cc, altura 5,5cm aprox., no es apto para microondas, si para lavavajillas.<\/p>\n<p>Este producto puede reservase, en notas puedes especificar alg\u00fan cambio que te gustar\u00eda agregar, el tiempo m\u00ednimo de confecci\u00f3n es de 1 mes, recuerda que al ser un producto hecho a mano, por lo que\u00a0 siempre tendr\u00e1 peque\u00f1as diferencias.<\/p>\n<p>Las fotos son distintos modelos que puedes elegir, recuerda al pagar en la pesta\u00f1a Notas debes especificar\u00a0 que modelo es el que prefieres mandar a hacer.<\/p>\n<p>DISE\u00d1O 1- Via l\u00e1ctea entre Licancabur y Juriques, atr\u00e1s estrella fugaz sobre Volc\u00e1n Lascar.<br \/>\nDISE\u00d1O 2- Via l\u00e1ctea con estrellas entre Licancabur y Juriques, atr\u00e1s estrella fugaz sobre volc\u00e1n Lascar.<br \/>\nDISE\u00d1O 3- Estrella fugaz sobre Licancabur y Juriques, atr\u00e1s v\u00eda l\u00e1ctea sobre Volc\u00e1n Lascar.<\/p>","protected":false},"featured_media":684,"template":"","meta":{"_et_pb_use_builder":"","_et_pb_old_content":"","_et_gb_content_width":""},"product_brand":[],"product_cat":[16],"product_tag":[],"class_list":{"0":"post-670","1":"product","2":"type-product","3":"status-publish","4":"has-post-thumbnail","6":"product_cat-a-pedido","8":"first","9":"onbackorder","10":"taxable","11":"shipping-taxable","12":"purchasable","13":"product-type-simple"},"_links":{"self":[{"href":"https:\/\/www.tierragres.cl\/en\/wp-json\/wp\/v2\/product\/670","targetHints":{"allow":["GET"]}}],"collection":[{"href":"https:\/\/www.tierragres.cl\/en\/wp-json\/wp\/v2\/product"}],"about":[{"href":"https:\/\/www.tierragres.cl\/en\/wp-json\/wp\/v2\/types\/product"}],"wp:featuredmedia":[{"embeddable":true,"href":"https:\/\/www.tierragres.cl\/en\/wp-json\/wp\/v2\/media\/684"}],"wp:attachment":[{"href":"https:\/\/www.tierragres.cl\/en\/wp-json\/wp\/v2\/media?parent=670"}],"wp:term":[{"taxonomy":"product_brand","embeddable":true,"href":"https:\/\/www.tierragres.cl\/en\/wp-json\/wp\/v2\/product_brand?post=670"},{"taxonomy":"product_cat","embeddable":true,"href":"https:\/\/www.tierragres.cl\/en\/wp-json\/wp\/v2\/product_cat?post=670"},{"taxonomy":"product_tag","embeddable":true,"href":"https:\/\/www.tierragres.cl\/en\/wp-json\/wp\/v2\/product_tag?post=670"}],"curies":[{"name":"wp","href":"https:\/\/api.w.org\/{rel}","templated":true}]}}