{"id":638,"date":"2024-05-22T11:19:56","date_gmt":"2024-05-22T15:19:56","guid":{"rendered":"https:\/\/www.tierragres.cl\/?post_type=product&#038;p=638"},"modified":"2024-08-22T15:26:36","modified_gmt":"2024-08-22T19:26:36","slug":"mantequillero-frances","status":"publish","type":"product","link":"https:\/\/www.tierragres.cl\/en\/product\/mantequillero-frances\/","title":{"rendered":"Mantequillero Frances"},"content":{"rendered":"","protected":false},"excerpt":{"rendered":"<p>Mantequillero Frances modelado a mano en cer\u00e1mica gres.<\/p>\n<p>Esmaltado en cer\u00e1mica gres, puedes escoger el color que quieras!<\/p>\n<p>Ideal para mantener la mantequilla fuera del refrigerador, sin ponerse rancia y manteni\u00e9ndose pomada y suave para untar todo el tiempo.<\/p>\n<p>En la parte de arriba se pone la mantequilla ya blanda y a presi\u00f3n para ocupar todo el espacio, en la parte de abajo del mantequillero va el agua, un centimetro aprox y una pizca de sal, as\u00ed se conservara en perfecto estado durante semanas, una recomendaci\u00f3n es cambiar el agua cada 3 a 4 d\u00edas.<\/p>\n<p>Medidas: 5,2 altura y diametro de 9,5 cm, capacidad 230g de mantequilla.<\/p>\n<p>Este producto es hecho a pedido, el tiempo promedio es de 1 mes en fabricaci\u00f3n, al ser modelado a mano tendr\u00e1 diferencias al de las fotos.<\/p>\n<p>En comentarios puedes escribir el color que quieres y sus especificaciones.<\/p>","protected":false},"featured_media":631,"template":"","meta":{"_et_pb_use_builder":"","_et_pb_old_content":"","_et_gb_content_width":""},"product_brand":[],"product_cat":[16,21],"product_tag":[],"class_list":{"0":"post-638","1":"product","2":"type-product","3":"status-publish","4":"has-post-thumbnail","6":"product_cat-a-pedido","7":"product_cat-pocillos-y-fuentes","9":"first","10":"onbackorder","11":"taxable","12":"shipping-taxable","13":"purchasable","14":"product-type-simple"},"_links":{"self":[{"href":"https:\/\/www.tierragres.cl\/en\/wp-json\/wp\/v2\/product\/638","targetHints":{"allow":["GET"]}}],"collection":[{"href":"https:\/\/www.tierragres.cl\/en\/wp-json\/wp\/v2\/product"}],"about":[{"href":"https:\/\/www.tierragres.cl\/en\/wp-json\/wp\/v2\/types\/product"}],"wp:featuredmedia":[{"embeddable":true,"href":"https:\/\/www.tierragres.cl\/en\/wp-json\/wp\/v2\/media\/631"}],"wp:attachment":[{"href":"https:\/\/www.tierragres.cl\/en\/wp-json\/wp\/v2\/media?parent=638"}],"wp:term":[{"taxonomy":"product_brand","embeddable":true,"href":"https:\/\/www.tierragres.cl\/en\/wp-json\/wp\/v2\/product_brand?post=638"},{"taxonomy":"product_cat","embeddable":true,"href":"https:\/\/www.tierragres.cl\/en\/wp-json\/wp\/v2\/product_cat?post=638"},{"taxonomy":"product_tag","embeddable":true,"href":"https:\/\/www.tierragres.cl\/en\/wp-json\/wp\/v2\/product_tag?post=638"}],"curies":[{"name":"wp","href":"https:\/\/api.w.org\/{rel}","templated":true}]}}