{"id":578,"date":"2024-05-01T23:32:26","date_gmt":"2024-05-02T03:32:26","guid":{"rendered":"https:\/\/www.tierragres.cl\/?post_type=product&#038;p=578"},"modified":"2025-09-13T13:10:49","modified_gmt":"2025-09-13T16:10:49","slug":"tazon-infusiones","status":"publish","type":"product","link":"https:\/\/www.tierragres.cl\/en\/product\/tazon-infusiones\/","title":{"rendered":"Taz\u00f3n Infusiones"},"content":{"rendered":"","protected":false},"excerpt":{"rendered":"<p>Taz\u00f3n Infusiones, taza modelada a mano en cer\u00e1mica gres.<\/p>\n<p>Este taz\u00f3n fue hecho pensado en los amantes del t\u00e9, con un compartimiento con orificios peque\u00f1os para ah\u00ed meter distintos tipos de hierbas y tener una infusi\u00f3n personal.<\/p>\n<p>Altura 9,5 cm y rinde 300cc<\/p>\n<p>Este taz\u00f3n se puede reservar, estando listo en un m\u00ednimo de tiempo de 1 mes, dependiedo la cantidad, en notas puedes pedir el color o dise\u00f1o que te guste, el dise\u00f1o cl\u00e1sico es color mantequilla, como se ve en la imagen.<\/p>\n<p>&nbsp;<\/p>","protected":false},"featured_media":579,"template":"","meta":{"_et_pb_use_builder":"","_et_pb_old_content":"","_et_gb_content_width":""},"product_brand":[],"product_cat":[16],"product_tag":[],"class_list":{"0":"post-578","1":"product","2":"type-product","3":"status-publish","4":"has-post-thumbnail","6":"product_cat-a-pedido","8":"first","9":"onbackorder","10":"taxable","11":"shipping-taxable","12":"purchasable","13":"product-type-simple"},"_links":{"self":[{"href":"https:\/\/www.tierragres.cl\/en\/wp-json\/wp\/v2\/product\/578","targetHints":{"allow":["GET"]}}],"collection":[{"href":"https:\/\/www.tierragres.cl\/en\/wp-json\/wp\/v2\/product"}],"about":[{"href":"https:\/\/www.tierragres.cl\/en\/wp-json\/wp\/v2\/types\/product"}],"wp:featuredmedia":[{"embeddable":true,"href":"https:\/\/www.tierragres.cl\/en\/wp-json\/wp\/v2\/media\/579"}],"wp:attachment":[{"href":"https:\/\/www.tierragres.cl\/en\/wp-json\/wp\/v2\/media?parent=578"}],"wp:term":[{"taxonomy":"product_brand","embeddable":true,"href":"https:\/\/www.tierragres.cl\/en\/wp-json\/wp\/v2\/product_brand?post=578"},{"taxonomy":"product_cat","embeddable":true,"href":"https:\/\/www.tierragres.cl\/en\/wp-json\/wp\/v2\/product_cat?post=578"},{"taxonomy":"product_tag","embeddable":true,"href":"https:\/\/www.tierragres.cl\/en\/wp-json\/wp\/v2\/product_tag?post=578"}],"curies":[{"name":"wp","href":"https:\/\/api.w.org\/{rel}","templated":true}]}}