{"id":557,"date":"2024-04-13T10:35:05","date_gmt":"2024-04-13T14:35:05","guid":{"rendered":"https:\/\/www.tierragres.cl\/?post_type=product&#038;p=557"},"modified":"2025-09-13T13:11:04","modified_gmt":"2025-09-13T16:11:04","slug":"juego-jarra-y-vasos","status":"publish","type":"product","link":"https:\/\/www.tierragres.cl\/en\/product\/juego-jarra-y-vasos\/","title":{"rendered":"Juego Jarra y vasos"},"content":{"rendered":"","protected":false},"excerpt":{"rendered":"<p>Juego de jarra y 6 vasos modelado a mano en cer\u00e1mica gres.<\/p>\n<p>Ideal para llevar a la mesa o como set decorativo, incluye jarra de 800cc y 6 vasos a juego.<\/p>\n<p>Puede usarse para tragos o jugos fr\u00edos, conservando la temperatura y tambi\u00e9n para l\u00edquidos calientes, como un navegado o usando los vasitos como tazas de caf\u00e9.<\/p>\n<p>Puedes reservar tu juego de pisco sour y elegir los colores, el tiempo de confecci\u00f3n es de m\u00ednimo un mes seg\u00fan la cantidad requerida, recuerda que al ser un producto modelado a mano tendr\u00e1 diferencias.<\/p>\n<p>Si es un regalo de matrimonio puedes incluir en notas que se le agreguen los nombres los celebrados o la fecha.<\/p>","protected":false},"featured_media":558,"template":"","meta":{"_et_pb_use_builder":"","_et_pb_old_content":"","_et_gb_content_width":""},"product_brand":[],"product_cat":[16,23],"product_tag":[],"class_list":{"0":"post-557","1":"product","2":"type-product","3":"status-publish","4":"has-post-thumbnail","6":"product_cat-a-pedido","7":"product_cat-juegos","9":"first","10":"onbackorder","11":"taxable","12":"shipping-taxable","13":"purchasable","14":"product-type-simple"},"_links":{"self":[{"href":"https:\/\/www.tierragres.cl\/en\/wp-json\/wp\/v2\/product\/557","targetHints":{"allow":["GET"]}}],"collection":[{"href":"https:\/\/www.tierragres.cl\/en\/wp-json\/wp\/v2\/product"}],"about":[{"href":"https:\/\/www.tierragres.cl\/en\/wp-json\/wp\/v2\/types\/product"}],"wp:featuredmedia":[{"embeddable":true,"href":"https:\/\/www.tierragres.cl\/en\/wp-json\/wp\/v2\/media\/558"}],"wp:attachment":[{"href":"https:\/\/www.tierragres.cl\/en\/wp-json\/wp\/v2\/media?parent=557"}],"wp:term":[{"taxonomy":"product_brand","embeddable":true,"href":"https:\/\/www.tierragres.cl\/en\/wp-json\/wp\/v2\/product_brand?post=557"},{"taxonomy":"product_cat","embeddable":true,"href":"https:\/\/www.tierragres.cl\/en\/wp-json\/wp\/v2\/product_cat?post=557"},{"taxonomy":"product_tag","embeddable":true,"href":"https:\/\/www.tierragres.cl\/en\/wp-json\/wp\/v2\/product_tag?post=557"}],"curies":[{"name":"wp","href":"https:\/\/api.w.org\/{rel}","templated":true}]}}