{"id":546,"date":"2024-04-12T17:40:23","date_gmt":"2024-04-12T21:40:23","guid":{"rendered":"https:\/\/www.tierragres.cl\/?post_type=product&#038;p=546"},"modified":"2025-09-13T13:10:26","modified_gmt":"2025-09-13T16:10:26","slug":"taza-expresso-noche-estrellada","status":"publish","type":"product","link":"https:\/\/www.tierragres.cl\/en\/product\/taza-expresso-noche-estrellada\/","title":{"rendered":"Taza Expresso Noche Estrellada a pedido"},"content":{"rendered":"","protected":false},"excerpt":{"rendered":"<p>Taza de expresso modelada a mano en cer\u00e1mica gres.<\/p>\n<p>Representando el cielo de San Pedro de Atacama uno de los cielos m\u00e1s despejados de el planeta, perfilado por los volcanes Licancabur y Juriques y al reverso el Volc\u00e1n Lascar, las estrellas son pintadas con lustre de oro, oro al 8% que no perder\u00e1 brillo ni belleza en el tiempo mientras disfrutas de tu cafe favorito.<\/p>\n<p>Tacita para expresso de capacidad 50cc, altura 5 cm aprox., no es apto para microondas<\/p>\n<p>Este producto puede reservase, en notas puedes especificar alg\u00fan cambio que te gustar\u00eda agregar, hay distintos dise\u00f1os de donde puedes elegir y inspirarte, el tiempo m\u00ednimo de confecci\u00f3n es de 1 mes, recuerda que al ser un producto hecho a mano siempre tendr\u00e1 peque\u00f1as diferencias.<\/p>","protected":false},"featured_media":556,"template":"","meta":{"_et_pb_use_builder":"","_et_pb_old_content":"","_et_gb_content_width":""},"product_brand":[],"product_cat":[16],"product_tag":[],"class_list":{"0":"post-546","1":"product","2":"type-product","3":"status-publish","4":"has-post-thumbnail","6":"product_cat-a-pedido","8":"first","9":"onbackorder","10":"taxable","11":"shipping-taxable","12":"purchasable","13":"product-type-simple"},"_links":{"self":[{"href":"https:\/\/www.tierragres.cl\/en\/wp-json\/wp\/v2\/product\/546","targetHints":{"allow":["GET"]}}],"collection":[{"href":"https:\/\/www.tierragres.cl\/en\/wp-json\/wp\/v2\/product"}],"about":[{"href":"https:\/\/www.tierragres.cl\/en\/wp-json\/wp\/v2\/types\/product"}],"wp:featuredmedia":[{"embeddable":true,"href":"https:\/\/www.tierragres.cl\/en\/wp-json\/wp\/v2\/media\/556"}],"wp:attachment":[{"href":"https:\/\/www.tierragres.cl\/en\/wp-json\/wp\/v2\/media?parent=546"}],"wp:term":[{"taxonomy":"product_brand","embeddable":true,"href":"https:\/\/www.tierragres.cl\/en\/wp-json\/wp\/v2\/product_brand?post=546"},{"taxonomy":"product_cat","embeddable":true,"href":"https:\/\/www.tierragres.cl\/en\/wp-json\/wp\/v2\/product_cat?post=546"},{"taxonomy":"product_tag","embeddable":true,"href":"https:\/\/www.tierragres.cl\/en\/wp-json\/wp\/v2\/product_tag?post=546"}],"curies":[{"name":"wp","href":"https:\/\/api.w.org\/{rel}","templated":true}]}}