{"id":544,"date":"2024-04-12T17:30:12","date_gmt":"2024-04-12T21:30:12","guid":{"rendered":"https:\/\/www.tierragres.cl\/?post_type=product&#038;p=544"},"modified":"2024-04-12T17:30:13","modified_gmt":"2024-04-12T21:30:13","slug":"cuchara-san-pedro-8","status":"publish","type":"product","link":"https:\/\/www.tierragres.cl\/en\/product\/cuchara-san-pedro-8\/","title":{"rendered":"Cuchara San Pedro"},"content":{"rendered":"","protected":false},"excerpt":{"rendered":"<p>Cuchara decorativa modelada a mano en cer\u00e1mica gres.<\/p>\n<p>Reserva tu cuchara dejando en notas el tipo de dise\u00f1o que te gustar\u00eda, puedes elegir el dibujo que se le haga, el texto y el largo, m\u00e1ximo 18 cm.<\/p>\n<p>De colores azul y turquesa, detalles hechos en lustre de oro, oro al 8%.<\/p>\n<p>Un recuerdo delicado del Desierto de Atacama para los coleccionistas de cucharas y tesoros, recuerda que es un producto modelado a mano por lo que habr\u00e1n diferencias, el tiempo de confecci\u00f3n m\u00ednimo es de 1 mes seg\u00fan la cantidad encargada.<\/p>\n<p>&nbsp;<\/p>\n<p>Pieza \u00fanica<\/p>","protected":false},"featured_media":526,"template":"","meta":{"_et_pb_use_builder":"","_et_pb_old_content":"","_et_gb_content_width":""},"product_brand":[],"product_cat":[16,43],"product_tag":[],"class_list":{"0":"post-544","1":"product","2":"type-product","3":"status-publish","4":"has-post-thumbnail","6":"product_cat-a-pedido","7":"product_cat-cucharas-san-pedro","9":"first","10":"onbackorder","11":"taxable","12":"shipping-taxable","13":"purchasable","14":"product-type-simple"},"_links":{"self":[{"href":"https:\/\/www.tierragres.cl\/en\/wp-json\/wp\/v2\/product\/544","targetHints":{"allow":["GET"]}}],"collection":[{"href":"https:\/\/www.tierragres.cl\/en\/wp-json\/wp\/v2\/product"}],"about":[{"href":"https:\/\/www.tierragres.cl\/en\/wp-json\/wp\/v2\/types\/product"}],"wp:featuredmedia":[{"embeddable":true,"href":"https:\/\/www.tierragres.cl\/en\/wp-json\/wp\/v2\/media\/526"}],"wp:attachment":[{"href":"https:\/\/www.tierragres.cl\/en\/wp-json\/wp\/v2\/media?parent=544"}],"wp:term":[{"taxonomy":"product_brand","embeddable":true,"href":"https:\/\/www.tierragres.cl\/en\/wp-json\/wp\/v2\/product_brand?post=544"},{"taxonomy":"product_cat","embeddable":true,"href":"https:\/\/www.tierragres.cl\/en\/wp-json\/wp\/v2\/product_cat?post=544"},{"taxonomy":"product_tag","embeddable":true,"href":"https:\/\/www.tierragres.cl\/en\/wp-json\/wp\/v2\/product_tag?post=544"}],"curies":[{"name":"wp","href":"https:\/\/api.w.org\/{rel}","templated":true}]}}