{"id":511,"date":"2024-04-12T16:36:38","date_gmt":"2024-04-12T20:36:38","guid":{"rendered":"https:\/\/www.tierragres.cl\/?post_type=product&#038;p=511"},"modified":"2025-09-13T13:10:37","modified_gmt":"2025-09-13T16:10:37","slug":"taza-honguitos","status":"publish","type":"product","link":"https:\/\/www.tierragres.cl\/en\/product\/taza-honguitos\/","title":{"rendered":"Taza Honguitos"},"content":{"rendered":"","protected":false},"excerpt":{"rendered":"<p>Taza modelada a mano en cer\u00e1mica gres.<\/p>\n<p>Taza de porte medio de 8cm de altura, con honguitos de diferentes portes y formas.<\/p>\n<p>Esta taza est\u00e1 para pedido, puedes reservarla especificando de que color te gustar\u00eda, las fotos son distintas ideas que te pueden inspirar, como es un producto hecho a mano ten encuentra que habr\u00e1n diferencias, el tiempo m\u00ednimo de confecci\u00f3n es de 1 mes.<\/p>","protected":false},"featured_media":515,"template":"","meta":{"_et_pb_use_builder":"","_et_pb_old_content":"","_et_gb_content_width":""},"product_brand":[],"product_cat":[16],"product_tag":[],"class_list":{"0":"post-511","1":"product","2":"type-product","3":"status-publish","4":"has-post-thumbnail","6":"product_cat-a-pedido","8":"first","9":"onbackorder","10":"taxable","11":"shipping-taxable","12":"purchasable","13":"product-type-simple"},"_links":{"self":[{"href":"https:\/\/www.tierragres.cl\/en\/wp-json\/wp\/v2\/product\/511","targetHints":{"allow":["GET"]}}],"collection":[{"href":"https:\/\/www.tierragres.cl\/en\/wp-json\/wp\/v2\/product"}],"about":[{"href":"https:\/\/www.tierragres.cl\/en\/wp-json\/wp\/v2\/types\/product"}],"wp:featuredmedia":[{"embeddable":true,"href":"https:\/\/www.tierragres.cl\/en\/wp-json\/wp\/v2\/media\/515"}],"wp:attachment":[{"href":"https:\/\/www.tierragres.cl\/en\/wp-json\/wp\/v2\/media?parent=511"}],"wp:term":[{"taxonomy":"product_brand","embeddable":true,"href":"https:\/\/www.tierragres.cl\/en\/wp-json\/wp\/v2\/product_brand?post=511"},{"taxonomy":"product_cat","embeddable":true,"href":"https:\/\/www.tierragres.cl\/en\/wp-json\/wp\/v2\/product_cat?post=511"},{"taxonomy":"product_tag","embeddable":true,"href":"https:\/\/www.tierragres.cl\/en\/wp-json\/wp\/v2\/product_tag?post=511"}],"curies":[{"name":"wp","href":"https:\/\/api.w.org\/{rel}","templated":true}]}}