{"id":495,"date":"2024-04-12T16:17:04","date_gmt":"2024-04-12T20:17:04","guid":{"rendered":"https:\/\/www.tierragres.cl\/?post_type=product&#038;p=495"},"modified":"2025-09-13T13:10:15","modified_gmt":"2025-09-13T16:10:15","slug":"tazon-noche-estrellada-3","status":"publish","type":"product","link":"https:\/\/www.tierragres.cl\/en\/product\/tazon-noche-estrellada-3\/","title":{"rendered":"Taz\u00f3n Noche Estrellada a pedido"},"content":{"rendered":"","protected":false},"excerpt":{"rendered":"<p>Taz\u00f3n modelado a mano en cer\u00e1mica gres.<\/p>\n<p>Representando el cielo de San Pedro de Atacama uno de los cielos m\u00e1s despejados de el planeta, perfilado por los volcanes Licancabur y Juriques y al reverso el Volc\u00e1n Lascar, las estrellas son pintadas con lustre de oro, oro al 8% que no perder\u00e1 brillo ni belleza en el tiempo mientras disfrutas de tu cafe favorito.<\/p>\n<p>Tazones de capacidad 300cc, altura 10 cm aprox., no es apto para microondas<\/p>\n<p>Este producto puede reservase, en notas puedes especificar alg\u00fan cambio que te gustar\u00eda agregar, el tiempo m\u00ednimo de confecci\u00f3n es de 1 mes, recuerda que al ser un producto hecho a mano, por lo que\u00a0 siempre tendr\u00e1 peque\u00f1as diferencias.<\/p>\n<p>Las fotos son distintos modelos que puedes elegir, recuerda al pagar en la pesta\u00f1a Notas debes especificar\u00a0 que modelo es el que prefieres mandar a hacer.<\/p>","protected":false},"featured_media":498,"template":"","meta":{"_et_pb_use_builder":"","_et_pb_old_content":"","_et_gb_content_width":""},"product_brand":[],"product_cat":[16,26],"product_tag":[],"class_list":{"0":"post-495","1":"product","2":"type-product","3":"status-publish","4":"has-post-thumbnail","6":"product_cat-a-pedido","7":"product_cat-disponibles","9":"first","10":"onbackorder","11":"taxable","12":"shipping-taxable","13":"purchasable","14":"product-type-simple"},"_links":{"self":[{"href":"https:\/\/www.tierragres.cl\/en\/wp-json\/wp\/v2\/product\/495","targetHints":{"allow":["GET"]}}],"collection":[{"href":"https:\/\/www.tierragres.cl\/en\/wp-json\/wp\/v2\/product"}],"about":[{"href":"https:\/\/www.tierragres.cl\/en\/wp-json\/wp\/v2\/types\/product"}],"wp:featuredmedia":[{"embeddable":true,"href":"https:\/\/www.tierragres.cl\/en\/wp-json\/wp\/v2\/media\/498"}],"wp:attachment":[{"href":"https:\/\/www.tierragres.cl\/en\/wp-json\/wp\/v2\/media?parent=495"}],"wp:term":[{"taxonomy":"product_brand","embeddable":true,"href":"https:\/\/www.tierragres.cl\/en\/wp-json\/wp\/v2\/product_brand?post=495"},{"taxonomy":"product_cat","embeddable":true,"href":"https:\/\/www.tierragres.cl\/en\/wp-json\/wp\/v2\/product_cat?post=495"},{"taxonomy":"product_tag","embeddable":true,"href":"https:\/\/www.tierragres.cl\/en\/wp-json\/wp\/v2\/product_tag?post=495"}],"curies":[{"name":"wp","href":"https:\/\/api.w.org\/{rel}","templated":true}]}}