{"id":1301,"date":"2025-12-04T13:55:45","date_gmt":"2025-12-04T16:55:45","guid":{"rendered":"https:\/\/www.tierragres.cl\/?post_type=product&#038;p=1301"},"modified":"2025-12-04T13:55:45","modified_gmt":"2025-12-04T16:55:45","slug":"tazon-honguitos-3","status":"publish","type":"product","link":"https:\/\/www.tierragres.cl\/en\/product\/tazon-honguitos-3\/","title":{"rendered":"Taz\u00f3n Honguitos"},"content":{"rendered":"","protected":false},"excerpt":{"rendered":"<p>Taz\u00f3n Colecci\u00f3n Funga Chilena.<\/p>\n<p>Taza Mycena cyanocephala, modelada a mano en cer\u00e1mica gres, sus colores y forma la hace un taz\u00f3n \u00fanico.<\/p>\n<p>apto para lavavajillas y microondas .<\/p>\n<p>300cc<\/p>","protected":false},"featured_media":1266,"template":"","meta":{"_et_pb_use_builder":"","_et_pb_old_content":"","_et_gb_content_width":""},"product_brand":[],"product_cat":[26],"product_tag":[],"class_list":{"0":"post-1301","1":"product","2":"type-product","3":"status-publish","4":"has-post-thumbnail","6":"product_cat-disponibles","8":"first","9":"instock","10":"taxable","11":"shipping-taxable","12":"purchasable","13":"product-type-simple"},"_links":{"self":[{"href":"https:\/\/www.tierragres.cl\/en\/wp-json\/wp\/v2\/product\/1301","targetHints":{"allow":["GET"]}}],"collection":[{"href":"https:\/\/www.tierragres.cl\/en\/wp-json\/wp\/v2\/product"}],"about":[{"href":"https:\/\/www.tierragres.cl\/en\/wp-json\/wp\/v2\/types\/product"}],"wp:featuredmedia":[{"embeddable":true,"href":"https:\/\/www.tierragres.cl\/en\/wp-json\/wp\/v2\/media\/1266"}],"wp:attachment":[{"href":"https:\/\/www.tierragres.cl\/en\/wp-json\/wp\/v2\/media?parent=1301"}],"wp:term":[{"taxonomy":"product_brand","embeddable":true,"href":"https:\/\/www.tierragres.cl\/en\/wp-json\/wp\/v2\/product_brand?post=1301"},{"taxonomy":"product_cat","embeddable":true,"href":"https:\/\/www.tierragres.cl\/en\/wp-json\/wp\/v2\/product_cat?post=1301"},{"taxonomy":"product_tag","embeddable":true,"href":"https:\/\/www.tierragres.cl\/en\/wp-json\/wp\/v2\/product_tag?post=1301"}],"curies":[{"name":"wp","href":"https:\/\/api.w.org\/{rel}","templated":true}]}}