{"id":1189,"date":"2025-10-21T23:59:16","date_gmt":"2025-10-22T02:59:16","guid":{"rendered":"https:\/\/www.tierragres.cl\/?post_type=product&#038;p=1189"},"modified":"2025-11-05T20:31:30","modified_gmt":"2025-11-05T23:31:30","slug":"tazon-raiz","status":"publish","type":"product","link":"https:\/\/www.tierragres.cl\/en\/product\/tazon-raiz\/","title":{"rendered":"Taz\u00f3n Ra\u00edz"},"content":{"rendered":"","protected":false},"excerpt":{"rendered":"<p>Elementos unidos que crean un todo, un taz\u00f3n mas org\u00e1nico y conectado con Atacama.<\/p>\n<p>taz\u00f3n de 400cc modelado a mano en cer\u00e1mica gres, con ramas de Cha\u00f1ar, \u00e1rbol aut\u00f3ctono de la zona , unido con alambre de cobre, metal nacional<\/p>\n<p>&nbsp;<\/p>","protected":false},"featured_media":1201,"template":"","meta":{"_et_pb_use_builder":"","_et_pb_old_content":"","_et_gb_content_width":""},"product_brand":[],"product_cat":[26],"product_tag":[],"class_list":{"0":"post-1189","1":"product","2":"type-product","3":"status-publish","4":"has-post-thumbnail","6":"product_cat-disponibles","8":"first","9":"instock","10":"taxable","11":"shipping-taxable","12":"purchasable","13":"product-type-simple"},"_links":{"self":[{"href":"https:\/\/www.tierragres.cl\/en\/wp-json\/wp\/v2\/product\/1189","targetHints":{"allow":["GET"]}}],"collection":[{"href":"https:\/\/www.tierragres.cl\/en\/wp-json\/wp\/v2\/product"}],"about":[{"href":"https:\/\/www.tierragres.cl\/en\/wp-json\/wp\/v2\/types\/product"}],"wp:featuredmedia":[{"embeddable":true,"href":"https:\/\/www.tierragres.cl\/en\/wp-json\/wp\/v2\/media\/1201"}],"wp:attachment":[{"href":"https:\/\/www.tierragres.cl\/en\/wp-json\/wp\/v2\/media?parent=1189"}],"wp:term":[{"taxonomy":"product_brand","embeddable":true,"href":"https:\/\/www.tierragres.cl\/en\/wp-json\/wp\/v2\/product_brand?post=1189"},{"taxonomy":"product_cat","embeddable":true,"href":"https:\/\/www.tierragres.cl\/en\/wp-json\/wp\/v2\/product_cat?post=1189"},{"taxonomy":"product_tag","embeddable":true,"href":"https:\/\/www.tierragres.cl\/en\/wp-json\/wp\/v2\/product_tag?post=1189"}],"curies":[{"name":"wp","href":"https:\/\/api.w.org\/{rel}","templated":true}]}}