{"id":1177,"date":"2025-09-24T14:36:05","date_gmt":"2025-09-24T17:36:05","guid":{"rendered":"https:\/\/www.tierragres.cl\/?post_type=product&#038;p=1177"},"modified":"2025-10-21T23:40:33","modified_gmt":"2025-10-22T02:40:33","slug":"chilean-sky","status":"publish","type":"product","link":"https:\/\/www.tierragres.cl\/en\/product\/chilean-sky\/","title":{"rendered":"Chilean sky"},"content":{"rendered":"","protected":false},"excerpt":{"rendered":"<p>El universo en tus manos!<\/p>\n<p>Tomar un expresso desde este vaso, ser\u00e1 siempre un descubrir un nuevos detalles del universo, sumergirte en los colores\u00a0 y brillo de las estrellas, de manera placentera.<\/p>\n<p>Pintar el cielo nocturno siempre ser\u00e1 un placer como el que me da salir de mi casa y poder deleitarme con un sin fin de estrellas brillantes, de la v\u00eda l\u00e1ctea mostr\u00e1ndose todos los inviernos y de esa inmensidad infinita.<\/p>\n<p>Para esta nueva versi\u00f3n de Cielo Estrellado de San Pedro, inclu\u00ed las monta\u00f1as de manera mas relajada, con mayor movimiento, pintadas con arcilla ancestral de San Pedro de Atacama. resultado hermoso lleno de brillo y tonos metalizados.<\/p>\n<p>Vaso modelado a mano en cer\u00e1mica gres, esmaltado y pintado con oro (lustre de oro, oro 8%)<\/p>\n<p>Todos los vasos son distintos, cada uno un universo igual que t\u00fa<\/p>","protected":false},"featured_media":1146,"template":"","meta":{"_et_pb_use_builder":"","_et_pb_old_content":"","_et_gb_content_width":""},"product_brand":[],"product_cat":[16],"product_tag":[],"class_list":{"0":"post-1177","1":"product","2":"type-product","3":"status-publish","4":"has-post-thumbnail","6":"product_cat-a-pedido","8":"first","9":"onbackorder","10":"taxable","11":"shipping-taxable","12":"purchasable","13":"product-type-simple"},"_links":{"self":[{"href":"https:\/\/www.tierragres.cl\/en\/wp-json\/wp\/v2\/product\/1177","targetHints":{"allow":["GET"]}}],"collection":[{"href":"https:\/\/www.tierragres.cl\/en\/wp-json\/wp\/v2\/product"}],"about":[{"href":"https:\/\/www.tierragres.cl\/en\/wp-json\/wp\/v2\/types\/product"}],"wp:featuredmedia":[{"embeddable":true,"href":"https:\/\/www.tierragres.cl\/en\/wp-json\/wp\/v2\/media\/1146"}],"wp:attachment":[{"href":"https:\/\/www.tierragres.cl\/en\/wp-json\/wp\/v2\/media?parent=1177"}],"wp:term":[{"taxonomy":"product_brand","embeddable":true,"href":"https:\/\/www.tierragres.cl\/en\/wp-json\/wp\/v2\/product_brand?post=1177"},{"taxonomy":"product_cat","embeddable":true,"href":"https:\/\/www.tierragres.cl\/en\/wp-json\/wp\/v2\/product_cat?post=1177"},{"taxonomy":"product_tag","embeddable":true,"href":"https:\/\/www.tierragres.cl\/en\/wp-json\/wp\/v2\/product_tag?post=1177"}],"curies":[{"name":"wp","href":"https:\/\/api.w.org\/{rel}","templated":true}]}}