{"id":18,"date":"2024-03-14T12:31:33","date_gmt":"2024-03-14T11:31:33","guid":{"rendered":"https:\/\/www.tierragres.cl\/?page_id=18"},"modified":"2025-09-21T14:34:31","modified_gmt":"2025-09-21T17:34:31","slug":"inicio","status":"publish","type":"page","link":"https:\/\/www.tierragres.cl\/en\/","title":{"rendered":"Home"},"content":{"rendered":"<p>[et_pb_section fb_built=&#8221;1&#8243; fullwidth=&#8221;on&#8221; _builder_version=&#8221;4.27.4&#8243; _module_preset=&#8221;default&#8221; background_image=&#8221;https:\/\/www.tierragres.cl\/wp-content\/uploads\/2025\/06\/IMG_7516.jpg&#8221; custom_margin=&#8221;||||false|false&#8221; custom_padding=&#8221;|0px||0px|false|false&#8221; global_colors_info=&#8221;{}&#8221;][et_pb_fullwidth_header title=&#8221;Cer\u00e1mica gres modelada a mano inspirada en  San Pedro de Atacama&#8221; text_orientation=&#8221;center&#8221; header_fullscreen=&#8221;on&#8221; button_one_text=&#8221;Ver Productos&#8221; button_one_url=&#8221;#productos&#8221; button_two_text=&#8221;Donde Encontrarnos&#8221; button_two_url=&#8221;@ET-DC@eyJkeW5hbWljIjp0cnVlLCJjb250ZW50IjoicG9zdF9saW5rX3VybF9wYWdlIiwic2V0dGluZ3MiOnsicG9zdF9pZCI6IjEyNCJ9fQ==@&#8221; background_overlay_color=&#8221;RGBA(255,255,255,0)&#8221; title_tablet=&#8221;Cer\u00e1mica gres modelada a mano en San Pedro de Atacama&#8221; title_phone=&#8221;Cer\u00e1mica gres modelada a mano en San Pedro de Atacama&#8221; title_last_edited=&#8221;on|desktop&#8221; disabled_on=&#8221;off|off|off&#8221; _builder_version=&#8221;4.27.4&#8243; _dynamic_attributes=&#8221;button_two_url&#8221; _module_preset=&#8221;default&#8221; title_font=&#8221;Alegreya Sans SC|700|||||||&#8221; title_text_color=&#8221;#FFFFFF&#8221; title_font_size=&#8221;39px&#8221; title_letter_spacing=&#8221;9px&#8221; title_line_height=&#8221;1.2em&#8221; background_color=&#8221;#43409e&#8221; background_image=&#8221;https:\/\/www.tierragres.cl\/wp-content\/uploads\/2025\/08\/IMG_7426.jpg&#8221; custom_button_one=&#8221;on&#8221; button_one_text_color=&#8221;#FFFFFF&#8221; button_one_border_width=&#8221;1px&#8221; button_one_border_radius=&#8221;25px&#8221; custom_button_two=&#8221;on&#8221; button_two_text_color=&#8221;#FFFFFF&#8221; button_two_border_width=&#8221;1px&#8221; button_two_border_radius=&#8221;25px&#8221; background_layout=&#8221;light&#8221; width=&#8221;100%&#8221; max_width=&#8221;100%&#8221; min_height=&#8221;1000px&#8221; height=&#8221;511px&#8221; max_height=&#8221;684px&#8221; custom_margin=&#8221;0px||0px|0px|false|false&#8221; custom_padding=&#8221;2px|0px|0px|0px|false|false&#8221; custom_css_free_form=&#8221;.et_pb_fullwidth_header .et_pb_fullwidth_header_container.center .header-content { width:100% !important; max-width:1000px;}||.et_pb_fullwidth_header .et_pb_fullwidth_header_overlay { margin:80px 0;}&#8221; custom_css_logo=&#8221;width:400px;||max-width:60%;||margin-bottom:10px;&#8221; border_radii_image=&#8221;off||||&#8221; global_colors_info=&#8221;{}&#8221;]<\/p>\n<p>&nbsp;<\/p>\n<p>&nbsp;<\/p>\n<p>&nbsp;<\/p>\n<p>&nbsp;<\/p>\n<p>[\/et_pb_fullwidth_header][\/et_pb_section][et_pb_section fb_built=&#8221;1&#8243; module_id=&#8221;productos&#8221; _builder_version=&#8221;4.24.2&#8243; _module_preset=&#8221;default&#8221; background_color=&#8221;#FFFFFF&#8221; global_colors_info=&#8221;{}&#8221;][et_pb_row _builder_version=&#8221;4.24.2&#8243; _module_preset=&#8221;default&#8221; width=&#8221;100%&#8221; max_width=&#8221;96%&#8221; global_colors_info=&#8221;{}&#8221;][et_pb_column type=&#8221;4_4&#8243; _builder_version=&#8221;4.24.2&#8243; _module_preset=&#8221;default&#8221; global_colors_info=&#8221;{}&#8221;][et_pb_text _builder_version=&#8221;4.27.4&#8243; _module_preset=&#8221;default&#8221; text_font=&#8221;Alegreya Sans SC|700|||||||&#8221; header_2_font=&#8221;|700||on|||||&#8221; header_2_text_align=&#8221;center&#8221; inline_fonts=&#8221;Alegreya Sans SC&#8221; global_colors_info=&#8221;{}&#8221;]<\/p>\n<h2><span style=\"color: #12491d;\"><strong><span style=\"font-family: 'Alegreya Sans SC'; font-size: xx-large;\">LO NUEVO<\/span><\/strong><\/span><\/h2>\n<p>[\/et_pb_text][et_pb_divider _builder_version=&#8221;4.24.2&#8243; _module_preset=&#8221;default&#8221; max_width=&#8221;100px&#8221; module_alignment=&#8221;center&#8221; global_colors_info=&#8221;{}&#8221;][\/et_pb_divider][et_pb_shop type=&#8221;latest&#8221; columns_number=&#8221;4&#8243; icon_hover_color=&#8221;#FFFFFF&#8221; hover_overlay_color=&#8221;rgba(0,0,0,0.5)&#8221; hover_icon=&#8221;&#xe015;||divi||400&#8243; _builder_version=&#8221;4.24.2&#8243; _module_preset=&#8221;default&#8221; text_orientation=&#8221;center&#8221; box_shadow_style_image=&#8221;preset3&#8243; global_colors_info=&#8221;{}&#8221;][\/et_pb_shop][\/et_pb_column][\/et_pb_row][\/et_pb_section][et_pb_section fb_built=&#8221;1&#8243; admin_label=&#8221;Section&#8221; module_id=&#8221;quien-soy&#8221; _builder_version=&#8221;4.24.2&#8243; _module_preset=&#8221;default&#8221; background_color=&#8221;#f6eee1&#8243; global_colors_info=&#8221;{}&#8221;][et_pb_row _builder_version=&#8221;4.24.2&#8243; _module_preset=&#8221;default&#8221; global_colors_info=&#8221;{}&#8221;][et_pb_column type=&#8221;4_4&#8243; _builder_version=&#8221;4.24.2&#8243; _module_preset=&#8221;default&#8221; global_colors_info=&#8221;{}&#8221;][et_pb_text _builder_version=&#8221;4.24.2&#8243; _module_preset=&#8221;default&#8221; header_2_font=&#8221;|700||on|||||&#8221; header_2_text_align=&#8221;center&#8221; global_colors_info=&#8221;{}&#8221;]<\/p>\n<h2>HOLA! Sobre mi<\/h2>\n<p>[\/et_pb_text][et_pb_divider _builder_version=&#8221;4.24.2&#8243; _module_preset=&#8221;default&#8221; max_width=&#8221;100px&#8221; module_alignment=&#8221;center&#8221; global_colors_info=&#8221;{}&#8221;][\/et_pb_divider][\/et_pb_column][\/et_pb_row][et_pb_row column_structure=&#8221;1_2,1_2&#8243; make_equal=&#8221;on&#8221; _builder_version=&#8221;4.24.2&#8243; _module_preset=&#8221;default&#8221; width=&#8221;100%&#8221; max_width=&#8221;96%&#8221; global_colors_info=&#8221;{}&#8221;][et_pb_column type=&#8221;1_2&#8243; _builder_version=&#8221;4.24.2&#8243; _module_preset=&#8221;default&#8221; custom_css_main_element=&#8221;margin:auto;&#8221; global_colors_info=&#8221;{}&#8221;][et_pb_text _builder_version=&#8221;4.24.2&#8243; _module_preset=&#8221;default&#8221; global_colors_info=&#8221;{}&#8221;]<\/p>\n<p>Me llamo <strong>Antonia del Pedregal<\/strong>, aprend\u00ed cer\u00e1mica gres en Santiago el 2018 por una inquietud creativa, el material siempre me hab\u00eda llamado la atenci\u00f3n y anhelaba tener mi propia loza hecha de cer\u00e1mica.<\/p>\n<p>Pero no fue desde el 2020 ya viviendo en San Pedro de Atacama que la magia sucedi\u00f3! Y el horno que era lo que necesitaba para partir lleg\u00f3 de manera inesperada y me permiti\u00f3 comenzar mi viaje c\u00f3mo ceramista en el desierto m\u00e1s \u00e1rido del mundo.<\/p>\n<p>Mis piezas siempre han respondido a lo que veo, a las formas y colores de el lugar donde vivo, me gusta mucho dibujar por lo que poder crear escenas de los volcanes y valles son cl\u00e1sicos en mis horneadas.<\/p>\n<p>Busco siempre crecer como artista por lo que el uso de tierras de la zona siempre fue el camino a seguir, ya sea formulando esmaltes a partir de pigmentos de ac\u00e1 o haciendo mi propia pasta cer\u00e1mica con tierra del desierto m\u00e1s \u00e1rido del mundo.<\/p>\n<p>[\/et_pb_text][\/et_pb_column][et_pb_column type=&#8221;1_2&#8243; _builder_version=&#8221;4.24.2&#8243; _module_preset=&#8221;default&#8221; global_colors_info=&#8221;{}&#8221;][et_pb_image src=&#8221;https:\/\/www.tierragres.cl\/wp-content\/uploads\/2024\/03\/IMG_4612-scaled.jpg&#8221; title_text=&#8221;IMG_4612&#8243; _builder_version=&#8221;4.24.2&#8243; _module_preset=&#8221;default&#8221; box_shadow_style=&#8221;preset3&#8243; global_colors_info=&#8221;{}&#8221;][\/et_pb_image][\/et_pb_column][\/et_pb_row][\/et_pb_section]<\/p>\n","protected":false},"excerpt":{"rendered":"<p>&nbsp; &nbsp; &nbsp; &nbsp;LO NUEVOHOLA! Sobre miMe llamo Antonia del Pedregal, aprend\u00ed cer\u00e1mica gres en Santiago el 2018 por una inquietud creativa, el material siempre me hab\u00eda llamado la atenci\u00f3n y anhelaba tener mi propia loza hecha de cer\u00e1mica. Pero no fue desde el 2020 ya viviendo en San Pedro de Atacama que la magia [&hellip;]<\/p>\n","protected":false},"author":1,"featured_media":0,"parent":0,"menu_order":0,"comment_status":"closed","ping_status":"closed","template":"","meta":{"_et_pb_use_builder":"on","_et_pb_old_content":"<!-- wp:divi\/placeholder \/-->","_et_gb_content_width":"","footnotes":""},"class_list":["post-18","page","type-page","status-publish","hentry"],"_links":{"self":[{"href":"https:\/\/www.tierragres.cl\/en\/wp-json\/wp\/v2\/pages\/18","targetHints":{"allow":["GET"]}}],"collection":[{"href":"https:\/\/www.tierragres.cl\/en\/wp-json\/wp\/v2\/pages"}],"about":[{"href":"https:\/\/www.tierragres.cl\/en\/wp-json\/wp\/v2\/types\/page"}],"author":[{"embeddable":true,"href":"https:\/\/www.tierragres.cl\/en\/wp-json\/wp\/v2\/users\/1"}],"replies":[{"embeddable":true,"href":"https:\/\/www.tierragres.cl\/en\/wp-json\/wp\/v2\/comments?post=18"}],"version-history":[{"count":30,"href":"https:\/\/www.tierragres.cl\/en\/wp-json\/wp\/v2\/pages\/18\/revisions"}],"predecessor-version":[{"id":1137,"href":"https:\/\/www.tierragres.cl\/en\/wp-json\/wp\/v2\/pages\/18\/revisions\/1137"}],"wp:attachment":[{"href":"https:\/\/www.tierragres.cl\/en\/wp-json\/wp\/v2\/media?parent=18"}],"curies":[{"name":"wp","href":"https:\/\/api.w.org\/{rel}","templated":true}]}}