{"id":124,"date":"2024-03-14T14:16:32","date_gmt":"2024-03-14T13:16:32","guid":{"rendered":"https:\/\/www.tierragres.cl\/?page_id=124"},"modified":"2025-08-14T13:26:46","modified_gmt":"2025-08-14T17:26:46","slug":"visita-el-showroom","status":"publish","type":"page","link":"https:\/\/www.tierragres.cl\/en\/visita-el-showroom\/","title":{"rendered":"Visita el Showroom"},"content":{"rendered":"<p>[et_pb_section fb_built=&#8221;1&#8243; fullwidth=&#8221;on&#8221; _builder_version=&#8221;4.24.2&#8243; _module_preset=&#8221;default&#8221; global_colors_info=&#8221;{}&#8221;][et_pb_fullwidth_header title=&#8221;@ET-DC@eyJkeW5hbWljIjp0cnVlLCJjb250ZW50IjoicG9zdF90aXRsZSIsInNldHRpbmdzIjp7ImJlZm9yZSI6IiIsImFmdGVyIjoiIn19@&#8221; text_orientation=&#8221;center&#8221; background_overlay_color=&#8221;rgba(0,0,0,0.3)&#8221; _builder_version=&#8221;4.24.2&#8243; _dynamic_attributes=&#8221;title&#8221; _module_preset=&#8221;default&#8221; title_font=&#8221;|700||on|||||&#8221; background_enable_color=&#8221;off&#8221; background_image=&#8221;https:\/\/www.tierragres.cl\/wp-content\/uploads\/2024\/03\/IMG_1802titulo.jpg&#8221; parallax=&#8221;on&#8221; parallax_method=&#8221;on&#8221; global_colors_info=&#8221;{}&#8221;][\/et_pb_fullwidth_header][\/et_pb_section][et_pb_section fb_built=&#8221;1&#8243; _builder_version=&#8221;4.24.2&#8243; _module_preset=&#8221;default&#8221; background_color=&#8221;#f6eee1&#8243; global_colors_info=&#8221;{}&#8221;][et_pb_row column_structure=&#8221;1_5,1_5,1_5,1_5,1_5&#8243; _builder_version=&#8221;4.24.2&#8243; _module_preset=&#8221;default&#8221; global_colors_info=&#8221;{}&#8221;][et_pb_column type=&#8221;1_5&#8243; _builder_version=&#8221;4.24.2&#8243; _module_preset=&#8221;default&#8221; global_colors_info=&#8221;{}&#8221;][et_pb_gallery gallery_ids=&#8221;560,304,303&#8243; fullwidth=&#8221;on&#8221; _builder_version=&#8221;4.24.3&#8243; _module_preset=&#8221;default&#8221; global_colors_info=&#8221;{}&#8221;][\/et_pb_gallery][et_pb_button button_url=&#8221;https:\/\/wa.me\/56985934513&#8243; url_new_window=&#8221;on&#8221; button_text=&#8221;Agenda tu visita&#8221; _builder_version=&#8221;4.24.2&#8243; _module_preset=&#8221;default&#8221; custom_button=&#8221;on&#8221; button_icon=&#8221;&#xf232;||fa||400&#8243; button_icon_placement=&#8221;left&#8221; button_on_hover=&#8221;off&#8221; global_colors_info=&#8221;{}&#8221;][\/et_pb_button][\/et_pb_column][et_pb_column type=&#8221;1_5&#8243; _builder_version=&#8221;4.27.4&#8243; _module_preset=&#8221;default&#8221; global_colors_info=&#8221;{}&#8221;][et_pb_image src=&#8221;https:\/\/www.tierragres.cl\/wp-content\/uploads\/2025\/08\/IMG_7772.jpg&#8221; title_text=&#8221;IMG_7772&#8243; _builder_version=&#8221;4.27.4&#8243; _module_preset=&#8221;default&#8221; custom_margin=&#8221;|-126px||||&#8221; global_colors_info=&#8221;{}&#8221;][\/et_pb_image][\/et_pb_column][et_pb_column type=&#8221;1_5&#8243; _builder_version=&#8221;4.27.4&#8243; _module_preset=&#8221;default&#8221; global_colors_info=&#8221;{}&#8221;][et_pb_image src=&#8221;https:\/\/www.tierragres.cl\/wp-content\/uploads\/2025\/08\/IMG_20250222_193443.jpg&#8221; title_text=&#8221;IMG_20250222_193443&#8243; _builder_version=&#8221;4.27.4&#8243; _module_preset=&#8221;default&#8221; width=&#8221;100%&#8221; locked=&#8221;off&#8221; global_colors_info=&#8221;{}&#8221;][\/et_pb_image][\/et_pb_column][et_pb_column type=&#8221;1_5&#8243; _builder_version=&#8221;4.24.2&#8243; _module_preset=&#8221;default&#8221; global_colors_info=&#8221;{}&#8221;][et_pb_image src=&#8221;https:\/\/www.tierragres.cl\/wp-content\/uploads\/2025\/08\/IMG_7776.jpg&#8221; title_text=&#8221;IMG_7776&#8243; _builder_version=&#8221;4.27.4&#8243; _module_preset=&#8221;default&#8221; global_colors_info=&#8221;{}&#8221;][\/et_pb_image][\/et_pb_column][et_pb_column type=&#8221;1_5&#8243; _builder_version=&#8221;4.24.2&#8243; _module_preset=&#8221;default&#8221; global_colors_info=&#8221;{}&#8221;][et_pb_image src=&#8221;https:\/\/www.tierragres.cl\/wp-content\/uploads\/2025\/08\/IMG_20250218_192552.jpg&#8221; title_text=&#8221;IMG_20250218_192552&#8243; _builder_version=&#8221;4.27.4&#8243; _module_preset=&#8221;default&#8221; global_colors_info=&#8221;{}&#8221;][\/et_pb_image][\/et_pb_column][\/et_pb_row][et_pb_row column_structure=&#8221;1_3,1_3,1_3&#8243; make_equal=&#8221;on&#8221; _builder_version=&#8221;4.24.2&#8243; _module_preset=&#8221;default&#8221; global_colors_info=&#8221;{}&#8221;][et_pb_column _builder_version=&#8221;4.27.4&#8243; _module_preset=&#8221;default&#8221; type=&#8221;1_3&#8243;][et_pb_text _builder_version=&#8221;4.27.4&#8243; _module_preset=&#8221;default&#8221; text_font=&#8221;&#8211;et_global_heading_font||||||||&#8221; text_text_color=&#8221;#12491d&#8221; header_font=&#8221;Alegreya Sans SC|700|||||||&#8221; header_text_color=&#8221;#12491D&#8221; header_font_size=&#8221;37px&#8221; header_2_font=&#8221;|||on|||||&#8221; hover_enabled=&#8221;0&#8243; global_colors_info=&#8221;{}&#8221; sticky_enabled=&#8221;0&#8243;]<\/p>\n<h3><strong>Taller y Showrrom<\/strong><\/h3>\n<p>Agendar visita a mi WhatsApp<\/p>\n<p>[\/et_pb_text][\/et_pb_column][et_pb_column type=&#8221;1_3&#8243; _builder_version=&#8221;4.24.2&#8243; _module_preset=&#8221;default&#8221; global_colors_info=&#8221;{}&#8221;][et_pb_text _builder_version=&#8221;4.27.4&#8243; _module_preset=&#8221;default&#8221; global_colors_info=&#8221;{}&#8221;]<\/p>\n<p><strong>Direcci\u00f3n:<\/strong> Pasaje Solcor 647, San Pedro de Atacama.<br \/><strong>Tel\u00e9fono:<\/strong> <a href=\"https:\/\/wa.me\/56985934514\" target=\"_blank\" rel=\"noopener\">+569 <span>85934514<\/span><\/a><br \/><strong>Correo:<\/strong> <a href=\"mailto:contacto@tierragres.cl\" target=\"_blank\" rel=\"noopener\">contacto@tierragres.cl<\/a><\/p>\n<p>[\/et_pb_text][et_pb_button button_url=&#8221;https:\/\/wa.me\/56985934514&#8243; url_new_window=&#8221;on&#8221; button_text=&#8221;Agenda tu visita&#8221; _builder_version=&#8221;4.27.4&#8243; _module_preset=&#8221;default&#8221; custom_button=&#8221;on&#8221; button_icon=&#8221;&#xf232;||fa||400&#8243; button_icon_placement=&#8221;left&#8221; button_on_hover=&#8221;off&#8221; global_colors_info=&#8221;{}&#8221;][\/et_pb_button][\/et_pb_column][et_pb_column type=&#8221;1_3&#8243; _builder_version=&#8221;4.24.2&#8243; _module_preset=&#8221;default&#8221; global_colors_info=&#8221;{}&#8221;][et_pb_code _builder_version=&#8221;4.24.2&#8243; _module_preset=&#8221;default&#8221; global_colors_info=&#8221;{}&#8221;]<iframe src=\"https:\/\/www.google.com\/maps\/embed?pb=!1m18!1m12!1m3!1d15563.76861864536!2d-68.19992730097192!3d-22.91646888362558!2m3!1f0!2f0!3f0!3m2!1i1024!2i768!4f13.1!3m3!1m2!1s0x96a975587afc5d61%3A0x1d527118a662c15a!2sTierra%20Gres!5e1!3m2!1ses-419!2scl!4v1710423282013!5m2!1ses-419!2scl\" width=\"600\" height=\"450\" style=\"border:0;\" allowfullscreen=\"\" loading=\"lazy\" referrerpolicy=\"no-referrer-when-downgrade\"><\/iframe>[\/et_pb_code][\/et_pb_column][\/et_pb_row][et_pb_row column_structure=&#8221;2_5,3_5&#8243; _builder_version=&#8221;4.24.2&#8243; _module_preset=&#8221;default&#8221; ab_goal=&#8221;on&#8221; global_colors_info=&#8221;{}&#8221;][et_pb_column type=&#8221;2_5&#8243; _builder_version=&#8221;4.24.2&#8243; _module_preset=&#8221;default&#8221; global_colors_info=&#8221;{}&#8221;][et_pb_text _builder_version=&#8221;4.27.4&#8243; _module_preset=&#8221;default&#8221; header_2_font=&#8221;Alegreya Sans SC|700||on|||||&#8221; hover_enabled=&#8221;0&#8243; global_colors_info=&#8221;{}&#8221; text_font=&#8221;Alegreya Sans SC||||||||&#8221; text_font_size=&#8221;18px&#8221; text_text_color=&#8221;#12491d&#8221; header_font=&#8221;Alegreya Sans SC||||||||&#8221; header_3_text_color=&#8221;#12491D&#8221; header_3_font_size=&#8221;18px&#8221; sticky_enabled=&#8221;0&#8243;]<\/p>\n<h2>Pr\u00f3ximas Exposiciones:<\/h2>\n<p><strong>22, 23 y 24 de Agosto 2025:<\/strong> plaza San Pedro de Atacama.<\/p>\n<p><strong>26, 27 y 28 de Septiembre 2025:<\/strong> plaza San Pedro de Atacama.<\/p>\n<p>&nbsp;<\/p>\n<p>[\/et_pb_text][\/et_pb_column][et_pb_column type=&#8221;3_5&#8243; _builder_version=&#8221;4.24.2&#8243; _module_preset=&#8221;default&#8221; global_colors_info=&#8221;{}&#8221;][et_pb_gallery gallery_ids=&#8221;994,995,996,997,998,311&#8243; orientation=&#8221;portrait&#8221; _builder_version=&#8221;4.27.4&#8243; _module_preset=&#8221;default&#8221; title_level=&#8221;h6&#8243; ab_subject=&#8221;on&#8221; ab_subject_id=&#8221;1&#8243; global_colors_info=&#8221;{}&#8221;][\/et_pb_gallery][et_pb_gallery gallery_ids=&#8221;994,995,996,997,998,311&#8243; orientation=&#8221;portrait&#8221; _builder_version=&#8221;4.27.4&#8243; _module_preset=&#8221;default&#8221; ab_subject=&#8221;on&#8221; ab_subject_id=&#8221;2&#8243; global_colors_info=&#8221;{}&#8221;][\/et_pb_gallery][\/et_pb_column][\/et_pb_row][et_pb_row _builder_version=&#8221;4.24.2&#8243; _module_preset=&#8221;default&#8221; custom_padding=&#8221;||0px||false|false&#8221; global_colors_info=&#8221;{}&#8221;][et_pb_column type=&#8221;4_4&#8243; _builder_version=&#8221;4.24.2&#8243; _module_preset=&#8221;default&#8221; global_colors_info=&#8221;{}&#8221;][et_pb_divider _builder_version=&#8221;4.24.2&#8243; _module_preset=&#8221;default&#8221; width=&#8221;100px&#8221; module_alignment=&#8221;center&#8221; custom_margin=&#8221;||||false|false&#8221; custom_padding=&#8221;||||false|false&#8221; global_colors_info=&#8221;{}&#8221;][\/et_pb_divider][\/et_pb_column][\/et_pb_row][\/et_pb_section]<\/p>\n","protected":false},"excerpt":{"rendered":"<p>Taller y Showrrom Agendar visita a mi WhatsAppDirecci\u00f3n: Pasaje Solcor 647, San Pedro de Atacama.Tel\u00e9fono: +569 85934514Correo: contacto@tierragres.clPr\u00f3ximas Exposiciones: 22, 23 y 24 de Agosto 2025: plaza San Pedro de Atacama. 26, 27 y 28 de Septiembre 2025: plaza San Pedro de Atacama. &nbsp;<\/p>","protected":false},"author":1,"featured_media":0,"parent":0,"menu_order":0,"comment_status":"closed","ping_status":"closed","template":"","meta":{"_et_pb_use_builder":"on","_et_pb_old_content":"<!-- wp:divi\/placeholder \/-->","_et_gb_content_width":"","footnotes":""},"class_list":["post-124","page","type-page","status-publish","hentry"],"_links":{"self":[{"href":"https:\/\/www.tierragres.cl\/en\/wp-json\/wp\/v2\/pages\/124","targetHints":{"allow":["GET"]}}],"collection":[{"href":"https:\/\/www.tierragres.cl\/en\/wp-json\/wp\/v2\/pages"}],"about":[{"href":"https:\/\/www.tierragres.cl\/en\/wp-json\/wp\/v2\/types\/page"}],"author":[{"embeddable":true,"href":"https:\/\/www.tierragres.cl\/en\/wp-json\/wp\/v2\/users\/1"}],"replies":[{"embeddable":true,"href":"https:\/\/www.tierragres.cl\/en\/wp-json\/wp\/v2\/comments?post=124"}],"version-history":[{"count":22,"href":"https:\/\/www.tierragres.cl\/en\/wp-json\/wp\/v2\/pages\/124\/revisions"}],"predecessor-version":[{"id":1003,"href":"https:\/\/www.tierragres.cl\/en\/wp-json\/wp\/v2\/pages\/124\/revisions\/1003"}],"wp:attachment":[{"href":"https:\/\/www.tierragres.cl\/en\/wp-json\/wp\/v2\/media?parent=124"}],"curies":[{"name":"wp","href":"https:\/\/api.w.org\/{rel}","templated":true}]}}